{"id":2675,"date":"2020-05-01T13:56:49","date_gmt":"2020-05-01T13:56:49","guid":{"rendered":"https:\/\/www.parksetup.com\/about-us\/"},"modified":"2023-09-27T10:55:57","modified_gmt":"2023-09-27T10:55:57","slug":"about-us","status":"publish","type":"page","link":"https:\/\/www.parksetup.com\/en\/about-us\/","title":{"rendered":"About Us"},"content":{"rendered":"\n  <div class=\"banner has-hover has-parallax\" id=\"banner-157845105\">\n          <div class=\"banner-inner fill\">\n        <div class=\"banner-bg fill\" data-parallax=\"-3\" data-parallax-container=\".banner\" data-parallax-background>\n            <img loading=\"lazy\" decoding=\"async\" width=\"1020\" height=\"431\" src=\"https:\/\/www.parksetup.com\/wp-content\/uploads\/2020\/04\/vialand-isfanbul-otopark-1-1-1400x592.jpg\" class=\"bg attachment-large size-large\" alt=\"ParkSetup Otopark Y\u00f6nlendirme Sistemi Led Y\u00f6nendirme Panosu \u0130sfanbul Otopark\" \/>                        <div class=\"overlay\"><\/div>            \n                    <\/div>\n\t\t\n        <div class=\"banner-layers container\">\n            <div class=\"fill banner-link\"><\/div>            \n\n   <div id=\"text-box-825783352\" class=\"text-box banner-layer x50 md-x50 lg-x50 y70 md-y70 lg-y70 res-text\">\n                                <div class=\"text-box-content text dark\">\n              \n              <div class=\"text-inner text-center\">\n                  \n\n<h1 class=\"lead\">Rational Solutions for Smart Parking Systems<\/h1>\n\n              <\/div>\n           <\/div>\n                            \n<style>\n#text-box-825783352 {\n  width: 75%;\n}\n#text-box-825783352 .text-box-content {\n  font-size: 100%;\n}\n<\/style>\n    <\/div>\n \n\n        <\/div>\n      <\/div>\n\n            \n<style>\n#banner-157845105 {\n  padding-top: 507px;\n}\n#banner-157845105 .overlay {\n  background-color: rgba(0, 0, 0, 0.49);\n}\n<\/style>\n  <\/div>\n\n\n<div class=\"row\"  id=\"row-1006053563\">\n\n\n\t<div id=\"col-1882605279\" class=\"col small-12 large-12\"  >\n\t\t\t\t<div class=\"col-inner\"  >\n\t\t\t\n\t\t\t\n\n<p>Digital Engineering Services, which has a 30-year history in LED&nbsp;technologies, is an umbrella organization that works solution and satisfaction-oriented and produces all the technological software and hardware it applies in-house. In a wide business portfolio ranging from information boards to&nbsp;LED display technologies, from interactive screens to&nbsp;outdoor advertising; the design, production and application steps required for automation systems are met by our company from A to Z.<\/p>\n<p>Our company, which produces plans, projects and solutions specific to your needs with 30 years of automation systems expertise and experience, also operates in the field of smart parking lot guidance systems, which are also its own production. Digital Engineering Services, which specializes in wired and wireless automation systems, combines all the experience it has gained in the kitchen with an innovative and innovative technology. <a href=\"https:\/\/www.oliptek.com\/\">\n  <span style=\"color: #f99b1c;\">\n    <strong>Oliptek<\/strong>\n  <\/span>\n<\/a> brand for your service.<\/p>\n<p>Digital Engineering Services that make a difference in the field of smart automation systems with user-friendly engineering designs in the age of digitalization, which is a positive outcome of technological innovations, <a href=\"https:\/\/www.oliptek.com\/\"><span style=\"color: #f99b1c;\"><strong>Oliptek<\/strong><\/span> <\/a>Under the brand name of &#8220;The Project&#8221;, the company <strong>manufactures<\/strong> all project components <strong>completely domestically<\/strong> and realizes the assembly of these components in accordance with the project and in a fast manner.<\/p>\n<p>Our company, which is your professional solution partner for car park guidance systems developed especially for large car parks with heavy vehicle traffic, concert halls, shopping malls and similar, with its innovative attitude and original engineering approach.<a href=\"https:\/\/www.oliptek.com\/\">\n  <span style=\"color: #f99b1c;\">\n    <strong> Oliptek<\/strong>\n  <\/span>\n<\/a> brand. Dijital M\u00fchendislik, which also provides software, production and installation services for parking lot empty-full systems, is always with your businesses with its professional after-sales support.<\/p>\n<p>In a period when professionalization and having an extraordinary line are decisive; Our company, which uses technological equipment in smart parking systems software, develops its projects, <span style=\"color: #3366ff;\">\n  <strong>\n    <span style=\"color: #00a859;\">maximum benefit and minimum risk<\/span>\n  <\/strong>\n<\/span> according to the principle of the principle. The projects undertaken are realized in accordance with the determined work schedule and delivered ready for use as soon as possible. The service offered to you with this understanding eliminates unnecessary workload, high cost and loss of time. At every step of the projects it undertakes, Dijital M\u00fchendislik Hizmetleri knows that the service it provides is not only smart automation systems, but that its main expertise is to make people&#8217;s lives easier and provide safe solutions, <a href=\"https:\/\/www.oliptek.com\/\">\n  <span style=\"color: #f99b1c;\">\n    <strong>Oliptek<\/strong>\n  <\/span>\n<\/a> offers rational and utilitarian solutions to life&#8217;s traffic with its products.&nbsp;<\/p>\n<div class=\"text-center\"><div class=\"is-divider divider clearfix\" ><\/div><\/div>\n\n\n\t\t<\/div>\n\t\t\t\t\t<\/div>\n\n\t\n\n<\/div>","protected":false},"excerpt":{"rendered":"","protected":false},"author":1,"featured_media":0,"parent":0,"menu_order":0,"comment_status":"closed","ping_status":"closed","template":"page-transparent-header-light.php","meta":{"footnotes":""},"class_list":["post-2675","page","type-page","status-publish","hentry"],"_links":{"self":[{"href":"https:\/\/www.parksetup.com\/en\/wp-json\/wp\/v2\/pages\/2675","targetHints":{"allow":["GET"]}}],"collection":[{"href":"https:\/\/www.parksetup.com\/en\/wp-json\/wp\/v2\/pages"}],"about":[{"href":"https:\/\/www.parksetup.com\/en\/wp-json\/wp\/v2\/types\/page"}],"author":[{"embeddable":true,"href":"https:\/\/www.parksetup.com\/en\/wp-json\/wp\/v2\/users\/1"}],"replies":[{"embeddable":true,"href":"https:\/\/www.parksetup.com\/en\/wp-json\/wp\/v2\/comments?post=2675"}],"version-history":[{"count":1,"href":"https:\/\/www.parksetup.com\/en\/wp-json\/wp\/v2\/pages\/2675\/revisions"}],"predecessor-version":[{"id":2676,"href":"https:\/\/www.parksetup.com\/en\/wp-json\/wp\/v2\/pages\/2675\/revisions\/2676"}],"wp:attachment":[{"href":"https:\/\/www.parksetup.com\/en\/wp-json\/wp\/v2\/media?parent=2675"}],"curies":[{"name":"wp","href":"https:\/\/api.w.org\/{rel}","templated":true}]}}