{"id":2689,"date":"2020-06-08T15:36:34","date_gmt":"2020-06-08T15:36:34","guid":{"rendered":"https:\/\/www.parksetup.com\/salihli-municipality-smart-parking-guidance-system\/"},"modified":"2023-09-27T11:22:31","modified_gmt":"2023-09-27T11:22:31","slug":"salihli-municipality-smart-parking-guidance-system","status":"publish","type":"page","link":"https:\/\/www.parksetup.com\/en\/salihli-municipality-smart-parking-guidance-system\/","title":{"rendered":"Salihli Municipality Smart Parking Guidance System"},"content":{"rendered":"<div class=\"slider-wrapper relative\" id=\"slider-589804935\" >\n    <div class=\"slider slider-nav-circle slider-nav-large slider-nav-light slider-style-normal\"\n        data-flickity-options='{\n            \"cellAlign\": \"center\",\n            \"imagesLoaded\": true,\n            \"lazyLoad\": 1,\n            \"freeScroll\": false,\n            \"wrapAround\": true,\n            \"autoPlay\": 6000,\n            \"pauseAutoPlayOnHover\" : true,\n            \"prevNextButtons\": true,\n            \"contain\" : true,\n            \"adaptiveHeight\" : true,\n            \"dragThreshold\" : 10,\n            \"percentPosition\": true,\n            \"pageDots\": false,\n            \"rightToLeft\": false,\n            \"draggable\": true,\n            \"selectedAttraction\": 0.1,\n            \"parallax\" : 0,\n            \"friction\": 0.6        }'\n        >\n        \n\n\n  <div class=\"banner has-hover is-full-height\" id=\"banner-1099010718\">\n          <div class=\"banner-inner fill\">\n        <div class=\"banner-bg fill\" >\n            <img loading=\"lazy\" decoding=\"async\" width=\"800\" height=\"533\" src=\"https:\/\/www.parksetup.com\/wp-content\/uploads\/2020\/04\/IMG_2128_800px.jpg\" class=\"bg attachment-large size-large\" alt=\"ParkSetup Otopark Y\u00f6nlendirme Sistemi Led \u0130ndikat\u00f6r Dolu\" \/>                        <div class=\"overlay\"><\/div>            \n                    <\/div>\n\t\t\n        <div class=\"banner-layers container\">\n            <div class=\"fill banner-link\"><\/div>            \n\n   <div id=\"text-box-70283354\" class=\"text-box banner-layer x10 md-x5 lg-x5 y90 md-y50 lg-y50 res-text\">\n                     <div data-animate=\"fadeInLeft\">           <div class=\"text-box-content text dark text-shadow-1\">\n              \n              <div class=\"text-inner text-center\">\n                  \n\n<h1><span style=\"font-size: 80%;\"><strong>Salihli Municipality Smart Parking Guidance System<\/strong><\/span><\/h1>\n<p class=\"lead\">The design, production and installation of the Parking Guidance System, which we applied for the Indoor Parking Lot with a capacity of 413 vehicles belonging to Salihli Municipality Bedesten and Bazaar, was realized by our company.<\/p>\n<a href=\"http:\/\/parksetup.com\/elements\/pages\/iletisim\/\" class=\"button white\"  style=\"border-radius:99px;\">\n\t\t<span>GET INFORMATION<\/span>\n\t<\/a>\n\n\n\n              <\/div>\n           <\/div>\n       <\/div>                     \n<style>\n#text-box-70283354 {\n  width: 85%;\n}\n#text-box-70283354 .text-box-content {\n  font-size: 100%;\n}\n@media (min-width:550px) {\n  #text-box-70283354 {\n    width: 52%;\n  }\n}\n@media (min-width:850px) {\n  #text-box-70283354 {\n    width: 56%;\n  }\n}\n<\/style>\n    <\/div>\n \n\n        <\/div>\n      <\/div>\n\n            \n<style>\n#banner-1099010718 {\n  padding-top: 100%;\n}\n#banner-1099010718 .overlay {\n  background-color: rgba(0, 0, 0, 0.3);\n}\n#banner-1099010718 .banner-bg img {\n  object-position: 70% 17%;\n}\n<\/style>\n  <\/div>\n\n\n\n  <div class=\"banner has-hover is-full-height\" id=\"banner-1924236257\">\n          <div class=\"banner-inner fill\">\n        <div class=\"banner-bg fill\" >\n            <img loading=\"lazy\" decoding=\"async\" width=\"495\" height=\"225\" src=\"https:\/\/www.parksetup.com\/wp-content\/uploads\/2020\/04\/salihli-otopark-3.jpg\" class=\"bg attachment-large size-large\" alt=\"ParkSetup Otopark Y\u00f6nlendirme Sistemi Salihli Belediyesi Kapal\u0131 Pazar Yeri Otopark Y\u00f6nlendirme Sistemi\" \/>                        <div class=\"overlay\"><\/div>            \n                    <\/div>\n\t\t\n        <div class=\"banner-layers container\">\n            <div class=\"fill banner-link\"><\/div>            \n\n   <div id=\"text-box-895565626\" class=\"text-box banner-layer x10 md-x5 lg-x50 y90 md-y80 lg-y80 res-text\">\n                     <div data-animate=\"fadeInLeft\">           <div class=\"text-box-content text dark text-shadow-1\">\n              \n              <div class=\"text-inner text-center\">\n                  \n\n<h3 class=\"uppercase\"><strong>SALIHLI MUNICIPALITY SMART PARKING LOT GUIDANCE SYSTEM<\/strong><\/h3>\n<p class=\"lead\">The design, production and installation of the Parking Guidance System, which we applied for the Indoor Parking Lot with a capacity of 413 vehicles belonging to Salihli Municipality Bedesten and Bazaar, was realized by our company.<\/p>\n<a href=\"http:\/\/parksetup.com\/elements\/pages\/iletisim\/\" class=\"button white is-outline reveal-icon\"  style=\"border-radius:99px;\">\n\t\t<span>GET INFORMATION<\/span>\n\t<i class=\"icon-angle-right\" aria-hidden=\"true\" ><\/i><\/a>\n\n\n\n              <\/div>\n           <\/div>\n       <\/div>                     \n<style>\n#text-box-895565626 {\n  width: 85%;\n}\n#text-box-895565626 .text-box-content {\n  font-size: 100%;\n}\n@media (min-width:550px) {\n  #text-box-895565626 {\n    width: 52%;\n  }\n}\n@media (min-width:850px) {\n  #text-box-895565626 {\n    width: 63%;\n  }\n}\n<\/style>\n    <\/div>\n \n\n        <\/div>\n      <\/div>\n\n            \n<style>\n#banner-1924236257 {\n  padding-top: 100%;\n}\n#banner-1924236257 .overlay {\n  background-color: rgba(0, 0, 0, 0.3);\n}\n#banner-1924236257 .banner-bg img {\n  object-position: 62% 50%;\n}\n<\/style>\n  <\/div>\n\n\n\n     <\/div>\n\n     <div class=\"loading-spin dark large centered\"><\/div>\n\n\t\n<style>\n#slider-589804935 .flickity-slider > * {\n  max-width: 100%!important;\n}\n<\/style>\n<\/div>\n\n","protected":false},"excerpt":{"rendered":"","protected":false},"author":1,"featured_media":0,"parent":0,"menu_order":0,"comment_status":"closed","ping_status":"closed","template":"page-transparent-header-light.php","meta":{"footnotes":""},"class_list":["post-2689","page","type-page","status-publish","hentry"],"_links":{"self":[{"href":"https:\/\/www.parksetup.com\/en\/wp-json\/wp\/v2\/pages\/2689","targetHints":{"allow":["GET"]}}],"collection":[{"href":"https:\/\/www.parksetup.com\/en\/wp-json\/wp\/v2\/pages"}],"about":[{"href":"https:\/\/www.parksetup.com\/en\/wp-json\/wp\/v2\/types\/page"}],"author":[{"embeddable":true,"href":"https:\/\/www.parksetup.com\/en\/wp-json\/wp\/v2\/users\/1"}],"replies":[{"embeddable":true,"href":"https:\/\/www.parksetup.com\/en\/wp-json\/wp\/v2\/comments?post=2689"}],"version-history":[{"count":2,"href":"https:\/\/www.parksetup.com\/en\/wp-json\/wp\/v2\/pages\/2689\/revisions"}],"predecessor-version":[{"id":2710,"href":"https:\/\/www.parksetup.com\/en\/wp-json\/wp\/v2\/pages\/2689\/revisions\/2710"}],"wp:attachment":[{"href":"https:\/\/www.parksetup.com\/en\/wp-json\/wp\/v2\/media?parent=2689"}],"curies":[{"name":"wp","href":"https:\/\/api.w.org\/{rel}","templated":true}]}}