{"id":2696,"date":"2020-04-17T13:24:21","date_gmt":"2020-04-17T13:24:21","guid":{"rendered":"https:\/\/www.parksetup.com\/installation\/"},"modified":"2023-09-27T11:05:57","modified_gmt":"2023-09-27T11:05:57","slug":"installation","status":"publish","type":"page","link":"https:\/\/www.parksetup.com\/en\/installation\/","title":{"rendered":"Installation"},"content":{"rendered":"\n  <div class=\"banner has-hover show-for-small\" id=\"banner-300987317\">\n          <div class=\"banner-inner fill\">\n        <div class=\"banner-bg fill\" >\n                                                \n                    <\/div>\n\t\t\n        <div class=\"banner-layers container\">\n            <div class=\"fill banner-link\"><\/div>            \n\n\n        <\/div>\n      <\/div>\n\n              <div class=\"height-fix is-invisible\"><\/div>\n            \n<style>\n#banner-300987317 {\n  background-color: rgb(247, 245, 244);\n}\n<\/style>\n  <\/div>\n\n\n\n\t<section class=\"section dark\" id=\"section_68754832\">\n\t\t<div class=\"section-bg fill\" >\n\t\t\t<img loading=\"lazy\" decoding=\"async\" width=\"970\" height=\"555\" src=\"https:\/\/www.parksetup.com\/wp-content\/uploads\/2020\/04\/deposite_avm_otopark_yonlendirme_sistemi_led_display_3.jpg\" class=\"bg attachment- size-\" alt=\"ParkSetup Otopark Y\u00f6nlendirme Sistemi Led Y\u00f6nendirme Panosu\" \/>\t\t\t\t\t\t<div class=\"section-bg-overlay absolute fill\"><\/div>\n\t\t\t\n\n\t\t<\/div>\n\n\t\t\n\n\t\t<div class=\"section-content relative\">\n\t\t\t\n\n<div class=\"row align-middle\"  id=\"row-367314075\">\n\n\n\t<div id=\"col-2069942715\" class=\"col medium-8 small-12 large-6\"  >\n\t\t\t\t<div class=\"col-inner\"  >\n\t\t\t\n\t\t\t\n\n<p>In order to use parking lot resources more efficiently and to save time for car owners to park more safely, quickly and comfortably <span style=\"color: #f99b1c;\">\n  <a style=\"color: #f99b1c;\" href=\"https:\/\/www.oliptek.com\/\">\n    <strong>Oliptek<\/strong>\n  <\/a>\n<\/span> we produce high-tech solutions. For this purpose, we developed the<strong>&#8220;ParkSetup Ultrasonic Parking Guidance System&#8221; <\/strong>. This system automatically directs vehicles towards the empty spaces of the parking lot, reduces operating costs, eliminates the problem of finding a space in the parking lot and provides maximum optimization in parking lots.<\/p>\n\t<div id=\"gap-488314878\" class=\"gap-element clearfix\" style=\"display:block; height:auto;\">\n\t\t\n<style>\n#gap-488314878 {\n  padding-top: 5px;\n}\n<\/style>\n\t<\/div>\n\t\n\n<div class=\"row row-collapse\"  id=\"row-1320372604\">\n\n\n\t<div id=\"col-1214473427\" class=\"col medium-6 small-12 large-6\"  >\n\t\t\t\t<div class=\"col-inner\"  >\n\t\t\t\n\t\t\t\n\n<a href=\"http:\/\/parksetup.com\/calisma-prensibi\/\" class=\"button white lowercase expand\"  style=\"border-radius:4px;\">\n\t\t<span>SYSTEM DETAILS<\/span>\n\t<i class=\"icon-angle-right\" aria-hidden=\"true\" ><\/i><\/a>\n\n\n\n\t\t<\/div>\n\t\t\t\t\t<\/div>\n\n\t\n\n\n<style>\n#row-1320372604 > .col > .col-inner {\n  padding: 0px 5px 0px 5px;\n}\n<\/style>\n<\/div>\n\n\t\t<\/div>\n\t\t\t\t\t<\/div>\n\n\t\n\n<\/div>\n\n\t\t<\/div>\n\n\t\t\n<style>\n#section_68754832 {\n  padding-top: 60px;\n  padding-bottom: 60px;\n  min-height: 435px;\n  background-color: rgb(247, 245, 244);\n}\n#section_68754832 .section-bg-overlay {\n  background-color: rgba(0, 0, 0, 0.59);\n}\n#section_68754832 .section-bg img {\n  object-position: 54% 37%;\n}\n@media (min-width:550px) {\n  #section_68754832 .section-bg-overlay {\n    background-color: rgba(0, 0, 0, 0.5);\n  }\n}\n@media (min-width:850px) {\n  #section_68754832 .section-bg-overlay {\n    background-color: rgba(0, 0, 0, 0.5);\n  }\n}\n<\/style>\n\t<\/section>\n\t\n\n\t<section class=\"section\" id=\"section_472475740\">\n\t\t<div class=\"section-bg fill\" >\n\t\t\t\t\t\t\t\t\t\n\t\t\t\n\n\t\t<\/div>\n\n\t\t\n\n\t\t<div class=\"section-content relative\">\n\t\t\t\n\n<div class=\"row row-large align-center row-divided\"  id=\"row-246386393\">\n\n\n\t<div id=\"col-2046153460\" class=\"col medium-4 large-4\"  >\n\t\t\t\t<div class=\"col-inner\"  >\n\t\t\t\n\t\t\t\n\n\n\t\t<div class=\"icon-box featured-box icon-box-center text-center\"  style=\"margin:0px 0px 0px 0px;\">\n\t\t\t\t\t<div class=\"icon-box-img\" style=\"width: 60px\">\n\t\t\t\t<div class=\"icon\">\n\t\t\t\t\t<div class=\"icon-inner\" >\n\t\t\t\t\t\t<img loading=\"lazy\" decoding=\"async\" width=\"415\" height=\"400\" src=\"https:\/\/www.parksetup.com\/wp-content\/uploads\/2020\/04\/tutorial-preview-large-415x400.png\" class=\"attachment-medium size-medium\" alt=\"\" srcset=\"https:\/\/www.parksetup.com\/wp-content\/uploads\/2020\/04\/tutorial-preview-large-415x400.png 415w, https:\/\/www.parksetup.com\/wp-content\/uploads\/2020\/04\/tutorial-preview-large.png 514w\" sizes=\"auto, (max-width: 415px) 100vw, 415px\" \/>\t\t\t\t\t<\/div>\n\t\t\t\t<\/div>\n\t\t\t<\/div>\n\t\t\t\t<div class=\"icon-box-text last-reset\">\n\t\t\t<h5 class=\"uppercase\">100% LOCAL PRODUCTION<\/h5>\t\t\t\t\t\t\n\n<p>Our products are 100% domestic production and all system components used in the project <a href=\"http:\/\/www.oliptek.com\">\n  <span style=\"color: #f99b1c;\">\n    <strong>Oliptek<\/strong>\n  <\/span>\n<\/a> brand in our factory.<\/p>\n\n\t\t<\/div>\n\t<\/div>\n\t\n\t\n\n\t\t<\/div>\n\t\t\t\t\t<\/div>\n\n\t\n\n\t<div id=\"col-1283165260\" class=\"col medium-4 large-4\"  >\n\t\t\t\t<div class=\"col-inner\"  >\n\t\t\t\n\t\t\t\n\n\n\t\t<div class=\"icon-box featured-box icon-box-center text-center\"  style=\"margin:0px 0px 0px 0px;\">\n\t\t\t\t\t<div class=\"icon-box-img\" style=\"width: 60px\">\n\t\t\t\t<div class=\"icon\">\n\t\t\t\t\t<div class=\"icon-inner\" >\n\t\t\t\t\t\t<img loading=\"lazy\" decoding=\"async\" width=\"415\" height=\"400\" src=\"https:\/\/www.parksetup.com\/wp-content\/uploads\/2020\/04\/tutorial-preview-large-415x400.png\" class=\"attachment-medium size-medium\" alt=\"\" srcset=\"https:\/\/www.parksetup.com\/wp-content\/uploads\/2020\/04\/tutorial-preview-large-415x400.png 415w, https:\/\/www.parksetup.com\/wp-content\/uploads\/2020\/04\/tutorial-preview-large.png 514w\" sizes=\"auto, (max-width: 415px) 100vw, 415px\" \/>\t\t\t\t\t<\/div>\n\t\t\t\t<\/div>\n\t\t\t<\/div>\n\t\t\t\t<div class=\"icon-box-text last-reset\">\n\t\t\t<h5 class=\"uppercase\">EASY ASSEMBLY<\/h5>\t\t\t\t\t\t\n\n<p>Thanks to our easy-to-install products, both time and cost are saved.<\/p>\n\n\t\t<\/div>\n\t<\/div>\n\t\n\t\n\n\t\t<\/div>\n\t\t\t\t\t<\/div>\n\n\t\n\n\t<div id=\"col-443539529\" class=\"col medium-4 large-4\"  >\n\t\t\t\t<div class=\"col-inner\"  >\n\t\t\t\n\t\t\t\n\n\n\t\t<div class=\"icon-box featured-box icon-box-center text-center\"  style=\"margin:0px 0px 0px 0px;\">\n\t\t\t\t\t<div class=\"icon-box-img\" style=\"width: 60px\">\n\t\t\t\t<div class=\"icon\">\n\t\t\t\t\t<div class=\"icon-inner\" >\n\t\t\t\t\t\t<img loading=\"lazy\" decoding=\"async\" width=\"415\" height=\"400\" src=\"https:\/\/www.parksetup.com\/wp-content\/uploads\/2020\/04\/tutorial-preview-large-415x400.png\" class=\"attachment-medium size-medium\" alt=\"\" srcset=\"https:\/\/www.parksetup.com\/wp-content\/uploads\/2020\/04\/tutorial-preview-large-415x400.png 415w, https:\/\/www.parksetup.com\/wp-content\/uploads\/2020\/04\/tutorial-preview-large.png 514w\" sizes=\"auto, (max-width: 415px) 100vw, 415px\" \/>\t\t\t\t\t<\/div>\n\t\t\t\t<\/div>\n\t\t\t<\/div>\n\t\t\t\t<div class=\"icon-box-text last-reset\">\n\t\t\t<h5 class=\"uppercase\">LOW COST<\/h5>\t\t\t\t\t\t\n\n<p>Project costs are reduced with 100% domestic production of our products and RS 485 communication protocol.<\/p>\n\n\t\t<\/div>\n\t<\/div>\n\t\n\t\n\n\t\t<\/div>\n\t\t\t\t\t<\/div>\n\n\t\n\n<\/div>\n\n\t\t<\/div>\n\n\t\t\n<style>\n#section_472475740 {\n  padding-top: 8px;\n  padding-bottom: 8px;\n  background-color: rgb(255, 255, 255);\n}\n<\/style>\n\t<\/section>\n\t\n\n\t<section class=\"section info-card-1\" id=\"section_1173050650\">\n\t\t<div class=\"section-bg fill\" >\n\t\t\t\t\t\t\t\t\t\n\t\t\t\n\n\t\t<\/div>\n\n\t\t\n\n\t\t<div class=\"section-content relative\">\n\t\t\t\n\n<div class=\"row row-small align-equal\"  id=\"row-1416452971\">\n\n\n\t<div id=\"col-1403682911\" class=\"col medium-4 small-12 large-4\"  >\n\t\t\t\t<div class=\"col-inner\"  >\n\t\t\t\n\t\t\t\n\n\t<div class=\"box has-hover   has-hover box-push box-text-bottom\" >\n\n\t\t<div class=\"box-image\" >\n\t\t\t<a href=\"#\" >\t\t\t<div class=\"image-zoom image-cover\" style=\"padding-top:70%;\">\n\t\t\t\t<img loading=\"lazy\" decoding=\"async\" width=\"970\" height=\"555\" src=\"https:\/\/www.parksetup.com\/wp-content\/uploads\/2020\/06\/deposite_avm_otopark_yonlendirme_sistemi_ultrasonik_arac_sensoru-1.jpg\" class=\"attachment- size-\" alt=\"ParkSetup Otopark Y\u00f6nlendirme Sistemi Ultrasonik Ara\u00e7 Sens\u00f6r\u00fc\" srcset=\"https:\/\/www.parksetup.com\/wp-content\/uploads\/2020\/06\/deposite_avm_otopark_yonlendirme_sistemi_ultrasonik_arac_sensoru-1.jpg 970w, https:\/\/www.parksetup.com\/wp-content\/uploads\/2020\/06\/deposite_avm_otopark_yonlendirme_sistemi_ultrasonik_arac_sensoru-1-699x400.jpg 699w, https:\/\/www.parksetup.com\/wp-content\/uploads\/2020\/06\/deposite_avm_otopark_yonlendirme_sistemi_ultrasonik_arac_sensoru-1-768x439.jpg 768w, https:\/\/www.parksetup.com\/wp-content\/uploads\/2020\/06\/deposite_avm_otopark_yonlendirme_sistemi_ultrasonik_arac_sensoru-1-600x343.jpg 600w\" sizes=\"auto, (max-width: 970px) 100vw, 970px\" \/>\t\t\t\t\t\t\t\t\t\t\t<\/div>\n\t\t\t<\/a>\t\t<\/div>\n\n\t\t<div class=\"box-text text-center\" style=\"background-color:rgb(255, 255, 255);padding:20px 5% 20px 5%;\">\n\t\t\t<div class=\"box-text-inner\">\n\t\t\t\t\n\n<h4>Sensor and LED Indicator Installation<\/h4>\n<p>According to the project, rigid or emt pipes, where the sensor data and supply lines will be carried, are installed on the parking lot ceiling. After the sensors are addressed, they are mounted to the prepared emt or rigid pipes by means of junction boxes. The sensors are connected to the main line patches with CAT6 cables.<\/p>\n\n\t\t\t<\/div>\n\t\t<\/div>\n\t<\/div>\n\t\n\n\t\t<\/div>\n\t\t\t\t\t<\/div>\n\n\t\n\n\t<div id=\"col-1969163206\" class=\"col medium-4 small-12 large-4\"  >\n\t\t\t\t<div class=\"col-inner\"  >\n\t\t\t\n\t\t\t\n\n\t<div class=\"box has-hover   has-hover box-push box-text-bottom\" >\n\n\t\t<div class=\"box-image\" >\n\t\t\t<a href=\"#\" >\t\t\t<div class=\"image-zoom image-cover\" style=\"padding-top:70%;\">\n\t\t\t\t<img loading=\"lazy\" decoding=\"async\" width=\"970\" height=\"555\" src=\"https:\/\/www.parksetup.com\/wp-content\/uploads\/2020\/04\/deposite_avm_otopark_yonlendirme_sistemi_led_display_1.jpg\" class=\"attachment- size-\" alt=\"ParkSetup Otopark Y\u00f6nlendirme Sistemi Led Y\u00f6nendirme Panosu\" srcset=\"https:\/\/www.parksetup.com\/wp-content\/uploads\/2020\/04\/deposite_avm_otopark_yonlendirme_sistemi_led_display_1.jpg 970w, https:\/\/www.parksetup.com\/wp-content\/uploads\/2020\/04\/deposite_avm_otopark_yonlendirme_sistemi_led_display_1-699x400.jpg 699w, https:\/\/www.parksetup.com\/wp-content\/uploads\/2020\/04\/deposite_avm_otopark_yonlendirme_sistemi_led_display_1-768x439.jpg 768w, https:\/\/www.parksetup.com\/wp-content\/uploads\/2020\/04\/deposite_avm_otopark_yonlendirme_sistemi_led_display_1-600x343.jpg 600w\" sizes=\"auto, (max-width: 970px) 100vw, 970px\" \/>\t\t\t\t\t\t\t\t\t\t\t<\/div>\n\t\t\t<\/a>\t\t<\/div>\n\n\t\t<div class=\"box-text text-center\" style=\"background-color:rgb(255, 255, 255);padding:20px 5% 20px 5%;\">\n\t\t\t<div class=\"box-text-inner\">\n\t\t\t\t\n\n<h4>Cabling<\/h4>\n<p>CAT6 cables, which connect the sensors in series to the field units and contain data and supply lines, are laid inside the ducts. The cabling connecting the field units to the central control unit is done.<\/p>\n\n\t\t\t<\/div>\n\t\t<\/div>\n\t<\/div>\n\t\n\n\t\t<\/div>\n\t\t\t\t\t<\/div>\n\n\t\n\n\t<div id=\"col-161233333\" class=\"col medium-4 small-12 large-4\"  >\n\t\t\t\t<div class=\"col-inner\"  >\n\t\t\t\n\t\t\t\n\n\t<div class=\"box has-hover   has-hover box-push box-text-bottom\" >\n\n\t\t<div class=\"box-image\" >\n\t\t\t<a href=\"#\" >\t\t\t<div class=\"image-zoom image-cover\" style=\"padding-top:70%;\">\n\t\t\t\t<img loading=\"lazy\" decoding=\"async\" width=\"970\" height=\"555\" src=\"https:\/\/www.parksetup.com\/wp-content\/uploads\/2020\/06\/deposite_avm_otopark_yonlendirme_sistemi_led_indikator-1.jpg\" class=\"attachment- size-\" alt=\"ParkSetup Otopark Y\u00f6nlendirme Sistemi Led \u0130ndikat\u00f6r\" srcset=\"https:\/\/www.parksetup.com\/wp-content\/uploads\/2020\/06\/deposite_avm_otopark_yonlendirme_sistemi_led_indikator-1.jpg 970w, https:\/\/www.parksetup.com\/wp-content\/uploads\/2020\/06\/deposite_avm_otopark_yonlendirme_sistemi_led_indikator-1-699x400.jpg 699w, https:\/\/www.parksetup.com\/wp-content\/uploads\/2020\/06\/deposite_avm_otopark_yonlendirme_sistemi_led_indikator-1-768x439.jpg 768w, https:\/\/www.parksetup.com\/wp-content\/uploads\/2020\/06\/deposite_avm_otopark_yonlendirme_sistemi_led_indikator-1-600x343.jpg 600w\" sizes=\"auto, (max-width: 970px) 100vw, 970px\" \/>\t\t\t\t\t\t\t\t\t\t\t<\/div>\n\t\t\t<\/a>\t\t<\/div>\n\n\t\t<div class=\"box-text text-center\" style=\"background-color:rgb(255, 255, 255);padding:20px 5% 20px 5%;\">\n\t\t\t<div class=\"box-text-inner\">\n\t\t\t\t\n\n<h4>Control Units<\/h4>\n<p>The power lines of the control units are connected and the sensors are fed through the control units. After the sensors and control units are connected to each other, field tests are performed. The area controllers are finally connected to the master controller.<\/p>\n\n\t\t\t<\/div>\n\t\t<\/div>\n\t<\/div>\n\t\n\n\t\t<\/div>\n\t\t\t\t\t<\/div>\n\n\t\n\n\n<style>\n#row-1416452971 > .col > .col-inner {\n  background-color: rgb(255,255,255);\n}\n<\/style>\n<\/div>\n\n\t\t<\/div>\n\n\t\t\n<style>\n#section_1173050650 {\n  padding-top: 50px;\n  padding-bottom: 50px;\n  background-color: rgb(244, 244, 244);\n}\n<\/style>\n\t<\/section>\n\t\n<div class=\"message-box relative dark\" style=\"padding-top:36px;padding-bottom:36px;\"><div class=\"message-box-bg-image bg-fill fill\" style=\"background-image:url(https:\/\/www.parksetup.com\/wp-content\/uploads\/2020\/04\/otopark.jpg);\"><\/div><div class=\"message-box-bg-overlay bg-fill fill\" ><\/div><div class=\"container relative\"><div class=\"inner last-reset\">\n\n<div class=\"row align-middle\"  id=\"row-1041544309\">\n\n\n\t<div id=\"col-1167026194\" class=\"col medium-7 small-12 large-7\"  >\n\t\t\t\t<div class=\"col-inner\"  >\n\t\t\t\n\t\t\t\n\n<h2 class=\"uppercase\">CONTACT US<\/h2>\n<p>0212 278 44 05 or info@ to get information about our special solutions for your projects.<\/p>\n\n\t\t<\/div>\n\t\t\t\t\t<\/div>\n\n\t\n\n\t<div id=\"col-1777746220\" class=\"col medium-5 small-12 large-5\"  >\n\t\t\t\t<div class=\"col-inner text-right\"  >\n\t\t\t\n\t\t\t\n\n<a data-animate=\"bounceInDown\" class=\"button white is-large\"  >\n\t\t<span>CALL NOW<\/span>\n\t<i class=\"icon-phone\" aria-hidden=\"true\" ><\/i><\/a>\n\n\n\n\t\t<\/div>\n\t\t\t\t\t<\/div>\n\n\t\n\n<\/div>\n\n<\/div><\/div><\/div>","protected":false},"excerpt":{"rendered":"","protected":false},"author":1,"featured_media":0,"parent":0,"menu_order":0,"comment_status":"closed","ping_status":"closed","template":"page-blank.php","meta":{"footnotes":""},"class_list":["post-2696","page","type-page","status-publish","hentry"],"_links":{"self":[{"href":"https:\/\/www.parksetup.com\/en\/wp-json\/wp\/v2\/pages\/2696","targetHints":{"allow":["GET"]}}],"collection":[{"href":"https:\/\/www.parksetup.com\/en\/wp-json\/wp\/v2\/pages"}],"about":[{"href":"https:\/\/www.parksetup.com\/en\/wp-json\/wp\/v2\/types\/page"}],"author":[{"embeddable":true,"href":"https:\/\/www.parksetup.com\/en\/wp-json\/wp\/v2\/users\/1"}],"replies":[{"embeddable":true,"href":"https:\/\/www.parksetup.com\/en\/wp-json\/wp\/v2\/comments?post=2696"}],"version-history":[{"count":2,"href":"https:\/\/www.parksetup.com\/en\/wp-json\/wp\/v2\/pages\/2696\/revisions"}],"predecessor-version":[{"id":2700,"href":"https:\/\/www.parksetup.com\/en\/wp-json\/wp\/v2\/pages\/2696\/revisions\/2700"}],"wp:attachment":[{"href":"https:\/\/www.parksetup.com\/en\/wp-json\/wp\/v2\/media?parent=2696"}],"curies":[{"name":"wp","href":"https:\/\/api.w.org\/{rel}","templated":true}]}}