{"id":3020,"date":"2020-06-08T15:36:34","date_gmt":"2020-06-08T15:36:34","guid":{"rendered":"https:\/\/www.parksetup.com\/salihli-municipality-smart-parking-guidance-system-2-2\/"},"modified":"2025-12-30T14:13:37","modified_gmt":"2025-12-30T14:13:37","slug":"salihli-municipality-smart-parking-guidance-system-2-2-2","status":"publish","type":"page","link":"https:\/\/www.parksetup.com\/en\/salihli-municipality-smart-parking-guidance-system-2-2-2\/","title":{"rendered":"Salihli Municipality Smart Parking Guidance System kopya kopya kopya"},"content":{"rendered":"<div class=\"slider-wrapper relative\" id=\"slider-337580894\" >\n    <div class=\"slider slider-nav-circle slider-nav-large slider-nav-light slider-style-normal\"\n        data-flickity-options='{\n            \"cellAlign\": \"center\",\n            \"imagesLoaded\": true,\n            \"lazyLoad\": 1,\n            \"freeScroll\": false,\n            \"wrapAround\": true,\n            \"autoPlay\": 6000,\n            \"pauseAutoPlayOnHover\" : true,\n            \"prevNextButtons\": true,\n            \"contain\" : true,\n            \"adaptiveHeight\" : true,\n            \"dragThreshold\" : 10,\n            \"percentPosition\": true,\n            \"pageDots\": false,\n            \"rightToLeft\": false,\n            \"draggable\": true,\n            \"selectedAttraction\": 0.1,\n            \"parallax\" : 0,\n            \"friction\": 0.6        }'\n        >\n        \n\n\n  <div class=\"banner has-hover is-full-height\" id=\"banner-94277194\">\n          <div class=\"banner-inner fill\">\n        <div class=\"banner-bg fill\" >\n            <img loading=\"lazy\" decoding=\"async\" width=\"800\" height=\"533\" src=\"https:\/\/www.parksetup.com\/wp-content\/uploads\/2020\/04\/IMG_2128_800px.jpg\" class=\"bg attachment-large size-large\" alt=\"ParkSetup Otopark Y\u00f6nlendirme Sistemi Led \u0130ndikat\u00f6r Dolu\" \/>                        <div class=\"overlay\"><\/div>            \n                    <\/div>\n\t\t\n        <div class=\"banner-layers container\">\n            <div class=\"fill banner-link\"><\/div>            \n\n   <div id=\"text-box-1436276171\" class=\"text-box banner-layer x10 md-x0 lg-x0 y90 md-y100 lg-y100 res-text\">\n                     <div data-animate=\"fadeInLeft\">           <div class=\"text-box-content text dark text-shadow-1\">\n              \n              <div class=\"text-inner text-center\">\n                  \n\n<h1><span style=\"font-size: 80%;\"><strong>Bal\u0131kesir B\u00fcy\u00fck\u015fehir Belediyesi Ak\u0131ll\u0131 Otopark Y\u00f6nlendirme Sistemi<\/strong><\/span><\/h1>\n<p class=\"lead\">Bal\u0131kesir B\u00fcy\u00fck\u015fehir Belediyesi i\u00e7in hayata ge\u00e7irdi\u011fimiz Ak\u0131ll\u0131 Otopark Y\u00f6nlendirme Sistemi projemizle, \u015fehir i\u00e7i ula\u015f\u0131m konforunu art\u0131rmay\u0131 ve park yeri arama s\u00fcrecini modernize etmeyi hedefledik. Toplamda 319 ara\u00e7 kapasiteli otopark alan\u0131nda kullan\u0131lan y\u00fcksek hassasiyetli ultrasonik park sens\u00f6rleri sayesinde, doluluk oranlar\u0131 anl\u0131k olarak tespit edilmekte ve s\u00fcr\u00fcc\u00fcler en h\u0131zl\u0131 \u015fekilde bo\u015f park alanlar\u0131na y\u00f6nlendirilmektedir.<\/p>\n\n<a href=\"http:\/\/parksetup.com\/iletisim\/\" class=\"button white\"  style=\"border-radius:99px;\">\n\t\t<span>B\u0130LG\u0130 ALIN<\/span>\n\t<\/a>\n\n\n\n              <\/div>\n           <\/div>\n       <\/div>                     \n<style>\n#text-box-1436276171 {\n  width: 85%;\n}\n#text-box-1436276171 .text-box-content {\n  font-size: 100%;\n}\n@media (min-width:550px) {\n  #text-box-1436276171 {\n    width: 52%;\n  }\n}\n@media (min-width:850px) {\n  #text-box-1436276171 {\n    width: 56%;\n  }\n}\n<\/style>\n    <\/div>\n \n\n        <\/div>\n      <\/div>\n\n            \n<style>\n#banner-94277194 {\n  padding-top: 100%;\n}\n#banner-94277194 .overlay {\n  background-color: rgba(0, 0, 0, 0.3);\n}\n#banner-94277194 .banner-bg img {\n  object-position: 70% 17%;\n}\n<\/style>\n  <\/div>\n\n\n\n  <div class=\"banner has-hover is-full-height\" id=\"banner-371155624\">\n          <div class=\"banner-inner fill\">\n        <div class=\"banner-bg fill\" >\n            <img loading=\"lazy\" decoding=\"async\" width=\"495\" height=\"225\" src=\"https:\/\/www.parksetup.com\/wp-content\/uploads\/2020\/04\/salihli-otopark-3.jpg\" class=\"bg attachment-large size-large\" alt=\"ParkSetup Otopark Y\u00f6nlendirme Sistemi Salihli Belediyesi Kapal\u0131 Pazar Yeri Otopark Y\u00f6nlendirme Sistemi\" \/>                        <div class=\"overlay\"><\/div>            \n                    <\/div>\n\t\t\n        <div class=\"banner-layers container\">\n            <div class=\"fill banner-link\"><\/div>            \n\n   <div id=\"text-box-1658470443\" class=\"text-box banner-layer x10 md-x5 lg-x50 y90 md-y85 lg-y85 res-text\">\n                     <div data-animate=\"fadeInLeft\">           <div class=\"text-box-content text dark text-shadow-1\">\n              \n              <div class=\"text-inner text-center\">\n                  \n\n<h3 class=\"uppercase\"><strong>Bal\u0131kesir B\u00dcY\u00dcK\u015eEH\u0130R BELED\u0130YES\u0130 AKILLI OTOPARK Y\u00d6NLEND\u0130RME S\u0130STEM\u0130<\/strong><\/h3>\n<p class=\"lead\">Bu projede, tasar\u0131m a\u015famas\u0131ndan yaz\u0131l\u0131m\u0131na, \u00fcretiminden saha montaj\u0131na kadar t\u00fcm s\u00fcre\u00e7lerin u\u00e7tan uca ekibimiz taraf\u0131ndan y\u00fcr\u00fct\u00fclm\u00fc\u015f olmas\u0131d\u0131r. Yerli m\u00fchendislik kabiliyetlerimizle ger\u00e7ekle\u015ftirdi\u011fimiz \u00fcretim ve titizlikle tamamlad\u0131\u011f\u0131m\u0131z montaj a\u015famalar\u0131 sayesinde, sistemin her bir par\u00e7as\u0131 \u00fczerinde tam denetim sa\u011flayarak y\u00fcksek dayan\u0131kl\u0131l\u0131k ve performans elde ettik.<\/p>\n\n<a href=\"http:\/\/parksetup.com\/elements\/iletisim\/\" class=\"button white is-outline reveal-icon\"  style=\"border-radius:99px;\">\n\t\t<span>B\u0130LG\u0130 ALIN<\/span>\n\t<i class=\"icon-angle-right\" aria-hidden=\"true\" ><\/i><\/a>\n\n\n\n              <\/div>\n           <\/div>\n       <\/div>                     \n<style>\n#text-box-1658470443 {\n  width: 85%;\n}\n#text-box-1658470443 .text-box-content {\n  font-size: 100%;\n}\n@media (min-width:550px) {\n  #text-box-1658470443 {\n    width: 52%;\n  }\n}\n@media (min-width:850px) {\n  #text-box-1658470443 {\n    width: 63%;\n  }\n}\n<\/style>\n    <\/div>\n \n\n        <\/div>\n      <\/div>\n\n            \n<style>\n#banner-371155624 {\n  padding-top: 100%;\n}\n#banner-371155624 .overlay {\n  background-color: rgba(0, 0, 0, 0.3);\n}\n#banner-371155624 .banner-bg img {\n  object-position: 62% 50%;\n}\n<\/style>\n  <\/div>\n\n\n\n     <\/div>\n\n     <div class=\"loading-spin dark large centered\"><\/div>\n\n\t\n<style>\n#slider-337580894 .flickity-slider > * {\n  max-width: 100%!important;\n}\n<\/style>\n<\/div>\n\n","protected":false},"excerpt":{"rendered":"","protected":false},"author":1,"featured_media":0,"parent":0,"menu_order":0,"comment_status":"closed","ping_status":"closed","template":"page-transparent-header-light.php","meta":{"footnotes":""},"class_list":["post-3020","page","type-page","status-publish","hentry"],"_links":{"self":[{"href":"https:\/\/www.parksetup.com\/en\/wp-json\/wp\/v2\/pages\/3020","targetHints":{"allow":["GET"]}}],"collection":[{"href":"https:\/\/www.parksetup.com\/en\/wp-json\/wp\/v2\/pages"}],"about":[{"href":"https:\/\/www.parksetup.com\/en\/wp-json\/wp\/v2\/types\/page"}],"author":[{"embeddable":true,"href":"https:\/\/www.parksetup.com\/en\/wp-json\/wp\/v2\/users\/1"}],"replies":[{"embeddable":true,"href":"https:\/\/www.parksetup.com\/en\/wp-json\/wp\/v2\/comments?post=3020"}],"version-history":[{"count":1,"href":"https:\/\/www.parksetup.com\/en\/wp-json\/wp\/v2\/pages\/3020\/revisions"}],"predecessor-version":[{"id":3021,"href":"https:\/\/www.parksetup.com\/en\/wp-json\/wp\/v2\/pages\/3020\/revisions\/3021"}],"wp:attachment":[{"href":"https:\/\/www.parksetup.com\/en\/wp-json\/wp\/v2\/media?parent=3020"}],"curies":[{"name":"wp","href":"https:\/\/api.w.org\/{rel}","templated":true}]}}