{"id":3062,"date":"2020-06-08T15:36:34","date_gmt":"2020-06-08T15:36:34","guid":{"rendered":"https:\/\/www.parksetup.com\/salihli-municipality-smart-parking-guidance-system-2-2-3\/"},"modified":"2026-01-05T12:34:56","modified_gmt":"2026-01-05T12:34:56","slug":"salihli-municipality-smart-parking-guidance-system-2-2-3-2","status":"publish","type":"page","link":"https:\/\/www.parksetup.com\/en\/salihli-municipality-smart-parking-guidance-system-2-2-3-2\/","title":{"rendered":"Salihli Municipality Smart Parking Guidance System kopya kopya kopya kopya"},"content":{"rendered":"<div class=\"slider-wrapper relative\" id=\"slider-1302541441\" >\n    <div class=\"slider slider-nav-circle slider-nav-large slider-nav-light slider-style-normal\"\n        data-flickity-options='{\n            \"cellAlign\": \"center\",\n            \"imagesLoaded\": true,\n            \"lazyLoad\": 1,\n            \"freeScroll\": false,\n            \"wrapAround\": true,\n            \"autoPlay\": 6000,\n            \"pauseAutoPlayOnHover\" : true,\n            \"prevNextButtons\": true,\n            \"contain\" : true,\n            \"adaptiveHeight\" : true,\n            \"dragThreshold\" : 10,\n            \"percentPosition\": true,\n            \"pageDots\": false,\n            \"rightToLeft\": false,\n            \"draggable\": true,\n            \"selectedAttraction\": 0.1,\n            \"parallax\" : 0,\n            \"friction\": 0.6        }'\n        >\n        \n\n\n  <div class=\"banner has-hover is-full-height\" id=\"banner-1814525616\">\n          <div class=\"banner-inner fill\">\n        <div class=\"banner-bg fill\" >\n            <img loading=\"lazy\" decoding=\"async\" width=\"800\" height=\"533\" src=\"https:\/\/www.parksetup.com\/wp-content\/uploads\/2020\/04\/IMG_2128_800px.jpg\" class=\"bg attachment-large size-large\" alt=\"ParkSetup Otopark Y\u00f6nlendirme Sistemi Led \u0130ndikat\u00f6r Dolu\" \/>                        <div class=\"overlay\"><\/div>            \n                    <\/div>\n\t\t\n        <div class=\"banner-layers container\">\n            <div class=\"fill banner-link\"><\/div>            \n\n   <div id=\"text-box-943090475\" class=\"text-box banner-layer x10 md-x0 lg-x0 y90 md-y100 lg-y100 res-text\">\n                     <div data-animate=\"fadeInLeft\">           <div class=\"text-box-content text dark text-shadow-1\">\n              \n              <div class=\"text-inner text-center\">\n                  \n\n<h1><span style=\"font-size: 70%;\"><strong>Bal\u0131kesir B\u00fcy\u00fck\u015fehir Belediyesi Balpark Kocaseyit Ak\u0131ll\u0131 Otopark Y\u00f6nlendirme Sistemi<\/strong><\/span><\/h1>\n<p class=\"lead\">Bal\u0131kesir B\u00fcy\u00fck\u015fehir Belediyesi b\u00fcnyesindeki 235 ara\u00e7 kapasiteli Balpark Kocaseyit otopark\u0131nda, ula\u015f\u0131m konforunu dijitalle\u015ftiren ak\u0131ll\u0131 y\u00f6nlendirme projemizi tamamlad\u0131k. Y\u00fcksek do\u011fruluk pay\u0131na sahip ultrasonik sens\u00f6r teknolojisi ile otopark\u0131n doluluk durumunu anl\u0131k olarak takip ederek, s\u00fcr\u00fcc\u00fcleri en uygun park alan\u0131na h\u0131zl\u0131ca ula\u015ft\u0131ran bir altyap\u0131 olu\u015fturduk.<\/p>\n\n<a href=\"http:\/\/parksetup.com\/iletisim\/\" class=\"button white\"  style=\"border-radius:99px;\">\n\t\t<span>B\u0130LG\u0130 ALIN<\/span>\n\t<\/a>\n\n\n\n              <\/div>\n           <\/div>\n       <\/div>                     \n<style>\n#text-box-943090475 {\n  width: 85%;\n}\n#text-box-943090475 .text-box-content {\n  font-size: 100%;\n}\n@media (min-width:550px) {\n  #text-box-943090475 {\n    width: 52%;\n  }\n}\n@media (min-width:850px) {\n  #text-box-943090475 {\n    width: 56%;\n  }\n}\n<\/style>\n    <\/div>\n \n\n        <\/div>\n      <\/div>\n\n            \n<style>\n#banner-1814525616 {\n  padding-top: 100%;\n}\n#banner-1814525616 .overlay {\n  background-color: rgba(0, 0, 0, 0.3);\n}\n#banner-1814525616 .banner-bg img {\n  object-position: 70% 17%;\n}\n<\/style>\n  <\/div>\n\n\n\n  <div class=\"banner has-hover is-full-height\" id=\"banner-1068016607\">\n          <div class=\"banner-inner fill\">\n        <div class=\"banner-bg fill\" >\n            <img loading=\"lazy\" decoding=\"async\" width=\"495\" height=\"225\" src=\"https:\/\/www.parksetup.com\/wp-content\/uploads\/2020\/04\/salihli-otopark-3.jpg\" class=\"bg attachment-large size-large\" alt=\"ParkSetup Otopark Y\u00f6nlendirme Sistemi Salihli Belediyesi Kapal\u0131 Pazar Yeri Otopark Y\u00f6nlendirme Sistemi\" \/>                        <div class=\"overlay\"><\/div>            \n                    <\/div>\n\t\t\n        <div class=\"banner-layers container\">\n            <div class=\"fill banner-link\"><\/div>            \n\n   <div id=\"text-box-881252657\" class=\"text-box banner-layer x10 md-x5 lg-x50 y90 md-y85 lg-y85 res-text\">\n                     <div data-animate=\"fadeInLeft\">           <div class=\"text-box-content text dark text-shadow-1\">\n              \n              <div class=\"text-inner text-center\">\n                  \n\n<h3 class=\"uppercase\"><strong>Bal\u0131kesir B\u00dcY\u00dcK\u015eEH\u0130R BELED\u0130YES\u0130 BALPARK KOCA SEY\u0130T AKILLI OTOPARK Y\u00d6NLEND\u0130RME S\u0130STEM\u0130<\/strong><\/h3>\n<p class=\"lead\">Projenin m\u00fchendislik hesaplamalar\u0131ndan donan\u0131m \u00fcretimine, kurulumundan devreye al\u0131nmas\u0131na kadar t\u00fcm a\u015famalar\u0131n\u0131 kendi ekiplerimizle y\u00fcr\u00fctt\u00fck. Yerli \u00fcretim g\u00fcc\u00fcm\u00fczle hayata ge\u00e7irdi\u011fimiz bu sistem, \u015fehir i\u00e7i park y\u00f6netiminde zaman kayb\u0131n\u0131 minimize ederken, anahtar teslim \u00e7\u00f6z\u00fcm yakla\u015f\u0131m\u0131m\u0131z sayesinde Balpark standartlar\u0131na tam uyumlu ve y\u00fcksek verimlilikle \u00e7al\u0131\u015fmaktad\u0131r.<\/p>\n\n<a href=\"http:\/\/parksetup.com\/iletisim\/\" class=\"button white is-outline reveal-icon\"  style=\"border-radius:99px;\">\n\t\t<span>B\u0130LG\u0130 ALIN<\/span>\n\t<i class=\"icon-angle-right\" aria-hidden=\"true\" ><\/i><\/a>\n\n\n\n              <\/div>\n           <\/div>\n       <\/div>                     \n<style>\n#text-box-881252657 {\n  width: 85%;\n}\n#text-box-881252657 .text-box-content {\n  font-size: 100%;\n}\n@media (min-width:550px) {\n  #text-box-881252657 {\n    width: 52%;\n  }\n}\n@media (min-width:850px) {\n  #text-box-881252657 {\n    width: 63%;\n  }\n}\n<\/style>\n    <\/div>\n \n\n        <\/div>\n      <\/div>\n\n            \n<style>\n#banner-1068016607 {\n  padding-top: 100%;\n}\n#banner-1068016607 .overlay {\n  background-color: rgba(0, 0, 0, 0.3);\n}\n#banner-1068016607 .banner-bg img {\n  object-position: 62% 50%;\n}\n<\/style>\n  <\/div>\n\n\n\n     <\/div>\n\n     <div class=\"loading-spin dark large centered\"><\/div>\n\n\t\n<style>\n#slider-1302541441 .flickity-slider > * {\n  max-width: 100%!important;\n}\n<\/style>\n<\/div>\n\n","protected":false},"excerpt":{"rendered":"","protected":false},"author":1,"featured_media":0,"parent":0,"menu_order":0,"comment_status":"closed","ping_status":"closed","template":"page-transparent-header-light.php","meta":{"footnotes":""},"class_list":["post-3062","page","type-page","status-publish","hentry"],"_links":{"self":[{"href":"https:\/\/www.parksetup.com\/en\/wp-json\/wp\/v2\/pages\/3062","targetHints":{"allow":["GET"]}}],"collection":[{"href":"https:\/\/www.parksetup.com\/en\/wp-json\/wp\/v2\/pages"}],"about":[{"href":"https:\/\/www.parksetup.com\/en\/wp-json\/wp\/v2\/types\/page"}],"author":[{"embeddable":true,"href":"https:\/\/www.parksetup.com\/en\/wp-json\/wp\/v2\/users\/1"}],"replies":[{"embeddable":true,"href":"https:\/\/www.parksetup.com\/en\/wp-json\/wp\/v2\/comments?post=3062"}],"version-history":[{"count":1,"href":"https:\/\/www.parksetup.com\/en\/wp-json\/wp\/v2\/pages\/3062\/revisions"}],"predecessor-version":[{"id":3063,"href":"https:\/\/www.parksetup.com\/en\/wp-json\/wp\/v2\/pages\/3062\/revisions\/3063"}],"wp:attachment":[{"href":"https:\/\/www.parksetup.com\/en\/wp-json\/wp\/v2\/media?parent=3062"}],"curies":[{"name":"wp","href":"https:\/\/api.w.org\/{rel}","templated":true}]}}